{"id":396,"date":"2022-06-08T15:53:31","date_gmt":"2022-06-08T15:53:31","guid":{"rendered":"http:\/\/fhj-b.dk\/?page_id=396"},"modified":"2025-03-02T12:33:01","modified_gmt":"2025-03-02T12:33:01","slug":"kontakt","status":"publish","type":"page","link":"https:\/\/fhj-b.dk\/","title":{"rendered":"Kontakt Per&#8217;s F\u00f8rstehj\u00e6lp"},"content":{"rendered":"\n<div class=\"wp-block-media-text alignwide has-media-on-the-right is-stacked-on-mobile\"><div class=\"wp-block-media-text__content\">\n<p class=\"has-large-font-size\"><\/p>\n\n\n\n<p>Hej mit navn er Per Thomsen, jeg er 69 \u00e5r, jeg anser mig selv som en bl\u00f8d mand, men kan ogs\u00e5 til tider v\u00e6re lidt skrap, dette g\u00e5r som regel hurtigt over.<\/p>\n\n\n\n<p>I mine snart 18 \u00e5r som F\u00f8rstehj\u00e6lpsinstrukt\u00f8r i og Instrukt\u00f8r i Element\u00e6r Brandbek\u00e6mpelse f\u00f8rst p\u00e5 Syddansk Erhvervsskole, og nu som selvst\u00e6ndig, har jeg fundet ud af at mine elever l\u00e6re mest n\u00e5r jeg har en god og sjov dialog.<\/p>\n\n\n\n<p>Jeg er som f\u00f8rstehj\u00e6lpsinstrukt\u00f8r tilknyttet FSFI, og underviser prim\u00e6rt for Fredericia k\u00f8reskole, men hj\u00e6lper ogs\u00e5 gerne andre k\u00f8reskoler. <\/p>\n\n\n\n<p>Jeg er far til 2 s\u00f8nner og 1 datter, jeg har 4 b\u00f8rneb\u00f8rn, og jeg bor i Vorbasse sammen med min kone Lone.<\/p>\n\n\n\n<p>I min fritid hygger jeg mig med l\u00e6derarbejde, tr\u00e6drejning, huset, konen, b\u00f8rn og b\u00f8rneb\u00f8rn samt med at g\u00e5 og cykle lange ture i naturen som vi bes\u00f8ger n\u00e5r vi tr\u00e6kker vores campingvogn med nye steder.<\/p>\n\n\n\n<p><em> <\/em><\/p>\n\n\n\n<h2 class=\"wp-block-heading\">Kontakt:<\/h2>\n\n\n\n<p>Per Thomsen<br>S\u00f8nderhedevej 7A, 6623 Vorbasse<br>Telefon nummer: 30 20 03 65<br>E-mail: per@fhj-b.dk<br>CVR: 29027080<\/p>\n<\/div><figure class=\"wp-block-media-text__media\"><img loading=\"lazy\" decoding=\"async\" width=\"682\" height=\"1024\" src=\"http:\/\/fhj-b.dk\/wp-content\/uploads\/2022\/08\/per-682x1024.png\" alt=\"\" class=\"wp-image-548 size-full\" srcset=\"https:\/\/fhj-b.dk\/wp-content\/uploads\/2022\/08\/per-682x1024.png 682w, https:\/\/fhj-b.dk\/wp-content\/uploads\/2022\/08\/per-200x300.png 200w, https:\/\/fhj-b.dk\/wp-content\/uploads\/2022\/08\/per-768x1153.png 768w, https:\/\/fhj-b.dk\/wp-content\/uploads\/2022\/08\/per-1023x1536.png 1023w, https:\/\/fhj-b.dk\/wp-content\/uploads\/2022\/08\/per-1364x2048.png 1364w, https:\/\/fhj-b.dk\/wp-content\/uploads\/2022\/08\/per.png 1665w\" sizes=\"auto, (max-width: 682px) 100vw, 682px\" \/><\/figure><\/div>\n","protected":false},"excerpt":{"rendered":"<p>Hej mit navn er Per Thomsen, jeg er 69 \u00e5r, jeg anser mig selv som en bl\u00f8d mand, men kan ogs\u00e5 til tider v\u00e6re lidt skrap, dette g\u00e5r som regel hurtigt over. I mine snart 18 \u00e5r som F\u00f8rstehj\u00e6lpsinstrukt\u00f8r i og Instrukt\u00f8r i Element\u00e6r Brandbek\u00e6mpelse f\u00f8rst p\u00e5 Syddansk Erhvervsskole, og nu som selvst\u00e6ndig, har jeg [&hellip;]<\/p>\n","protected":false},"author":1,"featured_media":0,"parent":0,"menu_order":0,"comment_status":"closed","ping_status":"closed","template":"","meta":{"inline_featured_image":false,"ocean_post_layout":"full-width","ocean_both_sidebars_style":"","ocean_both_sidebars_content_width":0,"ocean_both_sidebars_sidebars_width":0,"ocean_sidebar":"0","ocean_second_sidebar":"0","ocean_disable_margins":"enable","ocean_add_body_class":"","ocean_shortcode_before_top_bar":"","ocean_shortcode_after_top_bar":"","ocean_shortcode_before_header":"","ocean_shortcode_after_header":"","ocean_has_shortcode":"","ocean_shortcode_after_title":"","ocean_shortcode_before_footer_widgets":"","ocean_shortcode_after_footer_widgets":"","ocean_shortcode_before_footer_bottom":"","ocean_shortcode_after_footer_bottom":"","ocean_display_top_bar":"default","ocean_display_header":"default","ocean_header_style":"","ocean_center_header_left_menu":"0","ocean_custom_header_template":"0","ocean_custom_logo":379,"ocean_custom_retina_logo":379,"ocean_custom_logo_max_width":0,"ocean_custom_logo_tablet_max_width":0,"ocean_custom_logo_mobile_max_width":0,"ocean_custom_logo_max_height":0,"ocean_custom_logo_tablet_max_height":0,"ocean_custom_logo_mobile_max_height":0,"ocean_header_custom_menu":"0","ocean_menu_typo_font_family":"0","ocean_menu_typo_font_subset":"","ocean_menu_typo_font_size":0,"ocean_menu_typo_font_size_tablet":0,"ocean_menu_typo_font_size_mobile":0,"ocean_menu_typo_font_size_unit":"px","ocean_menu_typo_font_weight":"","ocean_menu_typo_font_weight_tablet":"","ocean_menu_typo_font_weight_mobile":"","ocean_menu_typo_transform":"","ocean_menu_typo_transform_tablet":"","ocean_menu_typo_transform_mobile":"","ocean_menu_typo_line_height":0,"ocean_menu_typo_line_height_tablet":0,"ocean_menu_typo_line_height_mobile":0,"ocean_menu_typo_line_height_unit":"","ocean_menu_typo_spacing":0,"ocean_menu_typo_spacing_tablet":0,"ocean_menu_typo_spacing_mobile":0,"ocean_menu_typo_spacing_unit":"","ocean_menu_link_color":"","ocean_menu_link_color_hover":"","ocean_menu_link_color_active":"","ocean_menu_link_background":"","ocean_menu_link_hover_background":"","ocean_menu_link_active_background":"","ocean_menu_social_links_bg":"","ocean_menu_social_hover_links_bg":"","ocean_menu_social_links_color":"","ocean_menu_social_hover_links_color":"","ocean_disable_title":"default","ocean_disable_heading":"default","ocean_post_title":"","ocean_post_subheading":"","ocean_post_title_style":"","ocean_post_title_background_color":"","ocean_post_title_background":0,"ocean_post_title_bg_image_position":"","ocean_post_title_bg_image_attachment":"","ocean_post_title_bg_image_repeat":"","ocean_post_title_bg_image_size":"","ocean_post_title_height":0,"ocean_post_title_bg_overlay":0.5,"ocean_post_title_bg_overlay_color":"","ocean_disable_breadcrumbs":"default","ocean_breadcrumbs_color":"","ocean_breadcrumbs_separator_color":"","ocean_breadcrumbs_links_color":"","ocean_breadcrumbs_links_hover_color":"","ocean_display_footer_widgets":"default","ocean_display_footer_bottom":"default","ocean_custom_footer_template":"0","footnotes":""},"class_list":["post-396","page","type-page","status-publish","hentry","entry"],"_links":{"self":[{"href":"https:\/\/fhj-b.dk\/index.php\/wp-json\/wp\/v2\/pages\/396","targetHints":{"allow":["GET"]}}],"collection":[{"href":"https:\/\/fhj-b.dk\/index.php\/wp-json\/wp\/v2\/pages"}],"about":[{"href":"https:\/\/fhj-b.dk\/index.php\/wp-json\/wp\/v2\/types\/page"}],"author":[{"embeddable":true,"href":"https:\/\/fhj-b.dk\/index.php\/wp-json\/wp\/v2\/users\/1"}],"replies":[{"embeddable":true,"href":"https:\/\/fhj-b.dk\/index.php\/wp-json\/wp\/v2\/comments?post=396"}],"version-history":[{"count":25,"href":"https:\/\/fhj-b.dk\/index.php\/wp-json\/wp\/v2\/pages\/396\/revisions"}],"predecessor-version":[{"id":589,"href":"https:\/\/fhj-b.dk\/index.php\/wp-json\/wp\/v2\/pages\/396\/revisions\/589"}],"wp:attachment":[{"href":"https:\/\/fhj-b.dk\/index.php\/wp-json\/wp\/v2\/media?parent=396"}],"curies":[{"name":"wp","href":"https:\/\/api.w.org\/{rel}","templated":true}]}}